{"id":57,"date":"2019-01-08T13:48:26","date_gmt":"2019-01-08T12:48:26","guid":{"rendered":"http:\/\/unterkunft-luetzen.de\/?page_id=57"},"modified":"2019-01-08T13:48:26","modified_gmt":"2019-01-08T12:48:26","slug":"datenschutzerklaerung-2","status":"publish","type":"page","link":"https:\/\/unterkunft-luetzen.de\/?page_id=57","title":{"rendered":"Datenschutzerkl\u00e4rung"},"content":{"rendered":"\n<p>Wir, Familie Popp,&nbsp;respektieren Ihre Privatsph\u00e4re. Aus diesem Grund werden personenbezogene Daten nur im Rahmen der E-Mail-Formulare erfasst, wobei die Eingabe pers\u00f6nlicher oder gesch\u00e4ftlicher Daten ausdr\u00fccklich freiwillig geschieht. Verarbeitet und gespeichert werden diese Daten entsprechend den deutschen Datenschutzbestimmungen und nur insoweit, wie dies f\u00fcr die Bearbeitung der Anfrage notwendig ist. <\/p>\n\n\n\n<p>Auf Anforderung teilen wir Ihnen ohne schuldhaftes Z\u00f6gern, im Einklang mit geltendem Recht mit, ob und welche pers\u00f6nlichen Daten \u00fcber Sie bei uns gespeichert sind. Beim Besuch unserer Webseiten wird regelm\u00e4\u00dfig der Name Ihres Internet-Browsers, die von Ihnen bei uns besuchten Webseiten sowie das Datum und die Dauer Ihres Besuches seitens unseres Webservers gespeichert.&nbsp; Eine Weitergabe der Daten an Dritte findet in keinem Fall statt.<\/p>\n","protected":false},"excerpt":{"rendered":"<p>Wir, Familie Popp,&nbsp;respektieren Ihre Privatsph\u00e4re. Aus diesem Grund werden personenbezogene Daten nur im Rahmen der E-Mail-Formulare erfasst, wobei die Eingabe pers\u00f6nlicher oder gesch\u00e4ftlicher Daten ausdr\u00fccklich freiwillig geschieht. Verarbeitet und gespeichert werden diese Daten entsprechend den deutschen Datenschutzbestimmungen und nur insoweit, wie dies f\u00fcr die Bearbeitung der Anfrage notwendig ist. Auf Anforderung teilen wir Ihnen ohne &hellip; <\/p>\n<p class=\"link-more\"><a href=\"https:\/\/unterkunft-luetzen.de\/?page_id=57\" class=\"more-link\"><span class=\"screen-reader-text\">&#8222;Datenschutzerkl\u00e4rung&#8220;<\/span> weiterlesen<\/a><\/p>\n","protected":false},"author":1,"featured_media":0,"parent":0,"menu_order":0,"comment_status":"closed","ping_status":"closed","template":"","meta":{"footnotes":""},"class_list":["post-57","page","type-page","status-publish","hentry"],"_links":{"self":[{"href":"https:\/\/unterkunft-luetzen.de\/index.php?rest_route=\/wp\/v2\/pages\/57"}],"collection":[{"href":"https:\/\/unterkunft-luetzen.de\/index.php?rest_route=\/wp\/v2\/pages"}],"about":[{"href":"https:\/\/unterkunft-luetzen.de\/index.php?rest_route=\/wp\/v2\/types\/page"}],"author":[{"embeddable":true,"href":"https:\/\/unterkunft-luetzen.de\/index.php?rest_route=\/wp\/v2\/users\/1"}],"replies":[{"embeddable":true,"href":"https:\/\/unterkunft-luetzen.de\/index.php?rest_route=%2Fwp%2Fv2%2Fcomments&post=57"}],"version-history":[{"count":1,"href":"https:\/\/unterkunft-luetzen.de\/index.php?rest_route=\/wp\/v2\/pages\/57\/revisions"}],"predecessor-version":[{"id":59,"href":"https:\/\/unterkunft-luetzen.de\/index.php?rest_route=\/wp\/v2\/pages\/57\/revisions\/59"}],"wp:attachment":[{"href":"https:\/\/unterkunft-luetzen.de\/index.php?rest_route=%2Fwp%2Fv2%2Fmedia&parent=57"}],"curies":[{"name":"wp","href":"https:\/\/api.w.org\/{rel}","templated":true}]}}