{"id":2,"date":"2019-01-07T14:54:27","date_gmt":"2019-01-07T13:54:27","guid":{"rendered":"http:\/\/unterkunft-luetzen.de\/?page_id=2"},"modified":"2023-09-19T10:58:09","modified_gmt":"2023-09-19T08:58:09","slug":"beispiel-seite","status":"publish","type":"page","link":"https:\/\/unterkunft-luetzen.de\/?page_id=2","title":{"rendered":"Preise"},"content":{"rendered":"\n<p>69,00 EUR pro Nacht bis 2 Personen<br>10,00 EUR pro Nacht jede weitere Person<\/p>\n\n\n\n<p>Ab der 7. Nacht<br>60,00 EUR pro Nacht bis 2 Personen<br>8,00 EUR pro Nacht jede weitere Person<\/p>\n\n\n\n<p>L\u00e4ngere Buchungen Preis auf Anfrage<\/p>\n\n\n\n<p>Kinder bis 3 Jahre kostenlos im Bett der Eltern oder im Babybett<\/p>\n\n\n\n<p>WLAN kostenlos<br>PKW-Stellplatz kostenlos<br>Babybett kostenlos (Auf Anfrage)<br><\/p>\n\n\n\n<p>Bettw\u00e4sche und Handt\u00fccher bis zur 7. Nacht inklusive<br>Handt\u00fccher Wechsel ab der 7. Nacht 5,00 EUR pro Person <br><\/p>\n\n\n\n<p>Reinigung bei l\u00e4ngeren Aufenthalten 25,00 EUR w\u00f6chentlich (nach Absprache)<\/p>\n\n\n\n<p>Bezahlung in bar bei Anreise oder Vorab\u00fcberweisung m\u00f6glich<br><strong>KEINE EC-Kartenzahlung<\/strong><\/p>\n\n\n\n<p>Rechnung <strong>OHNE MwSt.-Ausweis<\/strong><\/p>\n\n\n\n<p><\/p>\n","protected":false},"excerpt":{"rendered":"<p>69,00 EUR pro Nacht bis 2 Personen10,00 EUR pro Nacht jede weitere Person Ab der 7. Nacht60,00 EUR pro Nacht bis 2 Personen8,00 EUR pro Nacht jede weitere Person L\u00e4ngere Buchungen Preis auf Anfrage Kinder bis 3 Jahre kostenlos im Bett der Eltern oder im Babybett WLAN kostenlosPKW-Stellplatz kostenlosBabybett kostenlos (Auf Anfrage) Bettw\u00e4sche und Handt\u00fccher &hellip; <\/p>\n<p class=\"link-more\"><a href=\"https:\/\/unterkunft-luetzen.de\/?page_id=2\" class=\"more-link\"><span class=\"screen-reader-text\">&#8222;Preise&#8220;<\/span> weiterlesen<\/a><\/p>\n","protected":false},"author":1,"featured_media":0,"parent":0,"menu_order":0,"comment_status":"closed","ping_status":"open","template":"","meta":{"footnotes":""},"class_list":["post-2","page","type-page","status-publish","hentry"],"_links":{"self":[{"href":"https:\/\/unterkunft-luetzen.de\/index.php?rest_route=\/wp\/v2\/pages\/2"}],"collection":[{"href":"https:\/\/unterkunft-luetzen.de\/index.php?rest_route=\/wp\/v2\/pages"}],"about":[{"href":"https:\/\/unterkunft-luetzen.de\/index.php?rest_route=\/wp\/v2\/types\/page"}],"author":[{"embeddable":true,"href":"https:\/\/unterkunft-luetzen.de\/index.php?rest_route=\/wp\/v2\/users\/1"}],"replies":[{"embeddable":true,"href":"https:\/\/unterkunft-luetzen.de\/index.php?rest_route=%2Fwp%2Fv2%2Fcomments&post=2"}],"version-history":[{"count":5,"href":"https:\/\/unterkunft-luetzen.de\/index.php?rest_route=\/wp\/v2\/pages\/2\/revisions"}],"predecessor-version":[{"id":324,"href":"https:\/\/unterkunft-luetzen.de\/index.php?rest_route=\/wp\/v2\/pages\/2\/revisions\/324"}],"wp:attachment":[{"href":"https:\/\/unterkunft-luetzen.de\/index.php?rest_route=%2Fwp%2Fv2%2Fmedia&parent=2"}],"curies":[{"name":"wp","href":"https:\/\/api.w.org\/{rel}","templated":true}]}}