{"id":19,"date":"2019-01-07T19:50:48","date_gmt":"2019-01-07T18:50:48","guid":{"rendered":"http:\/\/unterkunft-luetzen.de\/?page_id=19"},"modified":"2019-11-28T12:14:29","modified_gmt":"2019-11-28T11:14:29","slug":"ueber-mich","status":"publish","type":"page","link":"https:\/\/unterkunft-luetzen.de\/?page_id=19","title":{"rendered":"Unterkunft"},"content":{"rendered":"<ul>\n<li style=\"text-align: left;\">Boxspringbett<\/li>\n<li>zus\u00e4tzliche Schlafcouch<\/li>\n<li>kostenloses WLAN<\/li>\n<li>voll ausgestattete K\u00fcchenzeile<\/li>\n<li>kostenloses Babybett (auf Anfrage)<\/li>\n<li>TV<\/li>\n<li>kostenloser Parkplatz im Hof<\/li>\n<li>inkl. Handt\u00fccher und Bettw\u00e4sche<\/li>\n<\/ul>\n\n\n<figure class=\"wp-block-image\"><img loading=\"lazy\" decoding=\"async\" width=\"1024\" height=\"683\" src=\"https:\/\/unterkunft-luetzen.de\/wp-content\/uploads\/2019\/11\/IMG_1726-1024x683.jpg\" alt=\"\" class=\"wp-image-83\" srcset=\"https:\/\/unterkunft-luetzen.de\/wp-content\/uploads\/2019\/11\/IMG_1726-1024x683.jpg 1024w, https:\/\/unterkunft-luetzen.de\/wp-content\/uploads\/2019\/11\/IMG_1726-300x200.jpg 300w, https:\/\/unterkunft-luetzen.de\/wp-content\/uploads\/2019\/11\/IMG_1726-768x512.jpg 768w\" sizes=\"(max-width: 767px) 89vw, (max-width: 1000px) 54vw, (max-width: 1071px) 543px, 580px\" \/><\/figure>\n\n\n\n<figure class=\"wp-block-image\"><img loading=\"lazy\" decoding=\"async\" width=\"1024\" height=\"683\" src=\"https:\/\/unterkunft-luetzen.de\/wp-content\/uploads\/2019\/11\/IMG_1714-1024x683.jpg\" alt=\"\" class=\"wp-image-80\" srcset=\"https:\/\/unterkunft-luetzen.de\/wp-content\/uploads\/2019\/11\/IMG_1714-1024x683.jpg 1024w, https:\/\/unterkunft-luetzen.de\/wp-content\/uploads\/2019\/11\/IMG_1714-300x200.jpg 300w, https:\/\/unterkunft-luetzen.de\/wp-content\/uploads\/2019\/11\/IMG_1714-768x512.jpg 768w\" sizes=\"(max-width: 767px) 89vw, (max-width: 1000px) 54vw, (max-width: 1071px) 543px, 580px\" \/><\/figure>\n\n\n\n<figure class=\"wp-block-image\"><img loading=\"lazy\" decoding=\"async\" width=\"1024\" height=\"683\" src=\"https:\/\/unterkunft-luetzen.de\/wp-content\/uploads\/2019\/11\/IMG_1719-1024x683.jpg\" alt=\"\" class=\"wp-image-81\" srcset=\"https:\/\/unterkunft-luetzen.de\/wp-content\/uploads\/2019\/11\/IMG_1719-1024x683.jpg 1024w, https:\/\/unterkunft-luetzen.de\/wp-content\/uploads\/2019\/11\/IMG_1719-300x200.jpg 300w, https:\/\/unterkunft-luetzen.de\/wp-content\/uploads\/2019\/11\/IMG_1719-768x512.jpg 768w\" sizes=\"(max-width: 767px) 89vw, (max-width: 1000px) 54vw, (max-width: 1071px) 543px, 580px\" \/><\/figure>\n\n\n\n<figure class=\"wp-block-image\"><img loading=\"lazy\" decoding=\"async\" width=\"1024\" height=\"683\" src=\"https:\/\/unterkunft-luetzen.de\/wp-content\/uploads\/2019\/11\/IMG_1748-1024x683.jpg\" alt=\"\" class=\"wp-image-85\" srcset=\"https:\/\/unterkunft-luetzen.de\/wp-content\/uploads\/2019\/11\/IMG_1748-1024x683.jpg 1024w, https:\/\/unterkunft-luetzen.de\/wp-content\/uploads\/2019\/11\/IMG_1748-300x200.jpg 300w, https:\/\/unterkunft-luetzen.de\/wp-content\/uploads\/2019\/11\/IMG_1748-768x512.jpg 768w\" sizes=\"(max-width: 767px) 89vw, (max-width: 1000px) 54vw, (max-width: 1071px) 543px, 580px\" \/><\/figure>\n\n\n\n<figure class=\"wp-block-image\"><img loading=\"lazy\" decoding=\"async\" width=\"683\" height=\"1024\" src=\"https:\/\/unterkunft-luetzen.de\/wp-content\/uploads\/2019\/11\/IMG_1705-e1574935364572-683x1024.jpg\" alt=\"\" class=\"wp-image-78\" srcset=\"https:\/\/unterkunft-luetzen.de\/wp-content\/uploads\/2019\/11\/IMG_1705-e1574935364572-683x1024.jpg 683w, https:\/\/unterkunft-luetzen.de\/wp-content\/uploads\/2019\/11\/IMG_1705-e1574935364572-200x300.jpg 200w, https:\/\/unterkunft-luetzen.de\/wp-content\/uploads\/2019\/11\/IMG_1705-e1574935364572-768x1152.jpg 768w\" sizes=\"(max-width: 683px) 100vw, 683px\" \/><\/figure>\n\n\n\n<figure class=\"wp-block-image\"><img loading=\"lazy\" decoding=\"async\" width=\"683\" height=\"1024\" src=\"https:\/\/unterkunft-luetzen.de\/wp-content\/uploads\/2019\/11\/IMG_1720-1-e1574935222686-683x1024.jpg\" alt=\"\" class=\"wp-image-86\" srcset=\"https:\/\/unterkunft-luetzen.de\/wp-content\/uploads\/2019\/11\/IMG_1720-1-e1574935222686-683x1024.jpg 683w, https:\/\/unterkunft-luetzen.de\/wp-content\/uploads\/2019\/11\/IMG_1720-1-e1574935222686-200x300.jpg 200w, https:\/\/unterkunft-luetzen.de\/wp-content\/uploads\/2019\/11\/IMG_1720-1-e1574935222686-768x1152.jpg 768w\" sizes=\"(max-width: 683px) 100vw, 683px\" \/><\/figure>\n","protected":false},"excerpt":{"rendered":"<p>Boxspringbett zus\u00e4tzliche Schlafcouch kostenloses WLAN voll ausgestattete K\u00fcchenzeile kostenloses Babybett (auf Anfrage) TV kostenloser Parkplatz im Hof inkl. Handt\u00fccher und Bettw\u00e4sche<\/p>\n","protected":false},"author":1,"featured_media":0,"parent":0,"menu_order":0,"comment_status":"closed","ping_status":"closed","template":"","meta":{"footnotes":""},"class_list":["post-19","page","type-page","status-publish","hentry"],"_links":{"self":[{"href":"https:\/\/unterkunft-luetzen.de\/index.php?rest_route=\/wp\/v2\/pages\/19"}],"collection":[{"href":"https:\/\/unterkunft-luetzen.de\/index.php?rest_route=\/wp\/v2\/pages"}],"about":[{"href":"https:\/\/unterkunft-luetzen.de\/index.php?rest_route=\/wp\/v2\/types\/page"}],"author":[{"embeddable":true,"href":"https:\/\/unterkunft-luetzen.de\/index.php?rest_route=\/wp\/v2\/users\/1"}],"replies":[{"embeddable":true,"href":"https:\/\/unterkunft-luetzen.de\/index.php?rest_route=%2Fwp%2Fv2%2Fcomments&post=19"}],"version-history":[{"count":8,"href":"https:\/\/unterkunft-luetzen.de\/index.php?rest_route=\/wp\/v2\/pages\/19\/revisions"}],"predecessor-version":[{"id":317,"href":"https:\/\/unterkunft-luetzen.de\/index.php?rest_route=\/wp\/v2\/pages\/19\/revisions\/317"}],"wp:attachment":[{"href":"https:\/\/unterkunft-luetzen.de\/index.php?rest_route=%2Fwp%2Fv2%2Fmedia&parent=19"}],"curies":[{"name":"wp","href":"https:\/\/api.w.org\/{rel}","templated":true}]}}